{"id":1265,"date":"2025-08-18T16:45:48","date_gmt":"2025-08-18T20:45:48","guid":{"rendered":"https:\/\/mfme.ca\/apoyanos\/"},"modified":"2025-08-19T10:44:01","modified_gmt":"2025-08-19T14:44:01","slug":"apoyanos","status":"publish","type":"page","link":"https:\/\/mfme.ca\/es\/apoyanos\/","title":{"rendered":"Ap\u00f3yanos"},"content":{"rendered":"\t\t<div data-elementor-type=\"wp-page\" data-elementor-id=\"1265\" class=\"elementor elementor-1265 elementor-1201\" data-elementor-post-type=\"page\">\n\t\t\t\t<div class=\"elementor-element elementor-element-1a3f4aeb e-con-full e-flex e-con e-parent\" data-id=\"1a3f4aeb\" data-element_type=\"container\" data-settings=\"{&quot;background_background&quot;:&quot;classic&quot;}\">\n\t\t\t\t<\/div>\n\t\t<div class=\"elementor-element elementor-element-9932daf e-flex e-con-boxed e-con e-parent\" data-id=\"9932daf\" data-element_type=\"container\">\n\t\t\t\t\t<div class=\"e-con-inner\">\n\t\t<div class=\"elementor-element elementor-element-9ef50eb envato-kit-141-top-0 e-con-full e-flex e-con e-child\" data-id=\"9ef50eb\" data-element_type=\"container\" data-settings=\"{&quot;background_background&quot;:&quot;classic&quot;}\">\n\t\t<div class=\"elementor-element elementor-element-e61fbf5 e-con-full e-flex e-con e-child\" data-id=\"e61fbf5\" data-element_type=\"container\">\n\t\t\t\t<div class=\"elementor-element elementor-element-f5c295c elementor-invisible elementor-widget elementor-widget-heading\" data-id=\"f5c295c\" data-element_type=\"widget\" data-settings=\"{&quot;_animation&quot;:&quot;fadeIn&quot;,&quot;_animation_delay&quot;:100}\" data-widget_type=\"heading.default\">\n\t\t\t\t<div class=\"elementor-widget-container\">\n\t\t\t\t\t<h2 class=\"elementor-heading-title elementor-size-default\">Ap\u00f3yanos<\/h2>\t\t\t\t<\/div>\n\t\t\t\t<\/div>\n\t\t\t\t<div class=\"elementor-element elementor-element-11034a2 elementor-widget-divider--view-line elementor-invisible elementor-widget elementor-widget-divider\" data-id=\"11034a2\" data-element_type=\"widget\" data-settings=\"{&quot;_animation&quot;:&quot;fadeIn&quot;,&quot;_animation_delay&quot;:200}\" data-widget_type=\"divider.default\">\n\t\t\t\t<div class=\"elementor-widget-container\">\n\t\t\t\t\t\t\t<div class=\"elementor-divider\">\n\t\t\t<span class=\"elementor-divider-separator\">\n\t\t\t\t\t\t<\/span>\n\t\t<\/div>\n\t\t\t\t\t\t<\/div>\n\t\t\t\t<\/div>\n\t\t\t\t<div class=\"elementor-element elementor-element-f300011 elementor-invisible elementor-widget elementor-widget-heading\" data-id=\"f300011\" data-element_type=\"widget\" data-settings=\"{&quot;_animation&quot;:&quot;fadeIn&quot;,&quot;_animation_delay&quot;:50}\" data-widget_type=\"heading.default\">\n\t\t\t\t<div class=\"elementor-widget-container\">\n\t\t\t\t\t<h2 class=\"elementor-heading-title elementor-size-default\">Participe y marque la diferencia<\/h2>\t\t\t\t<\/div>\n\t\t\t\t<\/div>\n\t\t<div class=\"elementor-element elementor-element-e0cacaf e-con-full e-flex e-con e-child\" data-id=\"e0cacaf\" data-element_type=\"container\">\n\t\t<div class=\"elementor-element elementor-element-a6e3190 e-con-full e-flex e-con e-child\" data-id=\"a6e3190\" data-element_type=\"container\">\n\t\t\t\t<div class=\"elementor-element elementor-element-ebd32ee elementor-widget elementor-widget-text-editor\" data-id=\"ebd32ee\" data-element_type=\"widget\" data-widget_type=\"text-editor.default\">\n\t\t\t\t<div class=\"elementor-widget-container\">\n\t\t\t\t\t\t\t\t\t<p>\u00bfQuiere marcar la diferencia en su comunidad y contribuir a su bienestar? Rellene el siguiente formulario y nos pondremos en contacto con usted para hablar de c\u00f3mo podemos trabajar juntos. <\/p>\t\t\t\t\t\t\t\t<\/div>\n\t\t\t\t<\/div>\n\t\t\t\t<div class=\"elementor-element elementor-element-2dc6cd5 elementor-invisible elementor-widget elementor-widget-heading\" data-id=\"2dc6cd5\" data-element_type=\"widget\" data-settings=\"{&quot;_animation&quot;:&quot;fadeIn&quot;,&quot;_animation_delay&quot;:50}\" data-widget_type=\"heading.default\">\n\t\t\t\t<div class=\"elementor-widget-container\">\n\t\t\t\t\t<h2 class=\"elementor-heading-title elementor-size-default\">Necesitamos tu ayuda.<\/h2>\t\t\t\t<\/div>\n\t\t\t\t<\/div>\n\t\t\t\t<div class=\"elementor-element elementor-element-6a63994 elementor-widget elementor-widget-text-editor\" data-id=\"6a63994\" data-element_type=\"widget\" data-widget_type=\"text-editor.default\">\n\t\t\t\t<div class=\"elementor-widget-container\">\n\t\t\t\t\t\t\t\t\t<p>Haga una donaci\u00f3n para apoyar al Movimiento Fraternidad Multi\u00e9tnica<\/p>\t\t\t\t\t\t\t\t<\/div>\n\t\t\t\t<\/div>\n\t\t\t\t<div class=\"elementor-element elementor-element-0acba5d elementor-widget elementor-widget-html\" data-id=\"0acba5d\" data-element_type=\"widget\" data-widget_type=\"html.default\">\n\t\t\t\t<div class=\"elementor-widget-container\">\n\t\t\t\t\t<div style=\"position:relative;overflow:hidden;height:1200px;width:100%;\"><iframe title=\"Formulario de donaci\u00f3n de Zeffy\" style=\"position: absolute; border: 0; top:0;left:0;bottom:0;right:0;width:100%;height:100%\" src=\"https:\/\/www.zeffy.com\/embed\/donation-form\/soutenez-notre-mission-105\" allowpaymentrequest=\"\" allowtransparency=\"true\"><\/iframe><\/div>\t\t\t\t<\/div>\n\t\t\t\t<\/div>\n\t\t\t\t<\/div>\n\t\t<div class=\"elementor-element elementor-element-6543ed6 e-con-full e-flex e-con e-child\" data-id=\"6543ed6\" data-element_type=\"container\">\n\t\t\t\t<div class=\"elementor-element elementor-element-14e7e59 elementor-button-align-center elementor-widget elementor-widget-form\" data-id=\"14e7e59\" data-element_type=\"widget\" data-settings=\"{&quot;step_next_label&quot;:&quot;Next&quot;,&quot;step_previous_label&quot;:&quot;Previous&quot;,&quot;button_width&quot;:&quot;100&quot;,&quot;step_type&quot;:&quot;number_text&quot;,&quot;step_icon_shape&quot;:&quot;circle&quot;}\" data-widget_type=\"form.default\">\n\t\t\t\t<div class=\"elementor-widget-container\">\n\t\t\t\t\t\t\t<form class=\"elementor-form\" method=\"post\" name=\"Formulario de voluntariado\" aria-label=\"Formulario de voluntariado\">\n\t\t\t<input type=\"hidden\" name=\"post_id\" value=\"1265\"\/>\n\t\t\t<input type=\"hidden\" name=\"form_id\" value=\"14e7e59\"\/>\n\t\t\t<input type=\"hidden\" name=\"referer_title\" value=\"Ap\u00f3yanos\" \/>\n\n\t\t\t\t\t\t\t<input type=\"hidden\" name=\"queried_id\" value=\"1265\"\/>\n\t\t\t\n\t\t\t<div class=\"elementor-form-fields-wrapper elementor-labels-above\">\n\t\t\t\t\t\t\t\t<div class=\"elementor-field-type-text elementor-field-group elementor-column elementor-field-group-prenom elementor-col-50 elementor-field-required elementor-mark-required\">\n\t\t\t\t\t\t\t\t\t\t\t\t<label for=\"form-field-prenom\" class=\"elementor-field-label\">\n\t\t\t\t\t\t\t\tNombre\t\t\t\t\t\t\t<\/label>\n\t\t\t\t\t\t\t\t\t\t\t\t\t\t<input size=\"1\" type=\"text\" name=\"form_fields[prenom]\" id=\"form-field-prenom\" class=\"elementor-field elementor-size-sm  elementor-field-textual\" required=\"required\">\n\t\t\t\t\t\t\t\t\t\t\t<\/div>\n\t\t\t\t\t\t\t\t<div class=\"elementor-field-type-text elementor-field-group elementor-column elementor-field-group-nom elementor-col-50 elementor-field-required elementor-mark-required\">\n\t\t\t\t\t\t\t\t\t\t\t\t<label for=\"form-field-nom\" class=\"elementor-field-label\">\n\t\t\t\t\t\t\t\tApellido\t\t\t\t\t\t\t<\/label>\n\t\t\t\t\t\t\t\t\t\t\t\t\t\t<input size=\"1\" type=\"text\" name=\"form_fields[nom]\" id=\"form-field-nom\" class=\"elementor-field elementor-size-sm  elementor-field-textual\" required=\"required\">\n\t\t\t\t\t\t\t\t\t\t\t<\/div>\n\t\t\t\t\t\t\t\t<div class=\"elementor-field-type-email elementor-field-group elementor-column elementor-field-group-courriel elementor-col-50 elementor-field-required elementor-mark-required\">\n\t\t\t\t\t\t\t\t\t\t\t\t<label for=\"form-field-courriel\" class=\"elementor-field-label\">\n\t\t\t\t\t\t\t\tCorreo electr\u00f3nico\t\t\t\t\t\t\t<\/label>\n\t\t\t\t\t\t\t\t\t\t\t\t\t\t<input size=\"1\" type=\"email\" name=\"form_fields[courriel]\" id=\"form-field-courriel\" class=\"elementor-field elementor-size-sm  elementor-field-textual\" required=\"required\">\n\t\t\t\t\t\t\t\t\t\t\t<\/div>\n\t\t\t\t\t\t\t\t<div class=\"elementor-field-type-tel elementor-field-group elementor-column elementor-field-group-telephone elementor-col-40 elementor-field-required elementor-mark-required\">\n\t\t\t\t\t\t\t\t\t\t\t\t<label for=\"form-field-telephone\" class=\"elementor-field-label\">\n\t\t\t\t\t\t\t\tTel\u00e9fono\t\t\t\t\t\t\t<\/label>\n\t\t\t\t\t\t\t\t<input size=\"1\" type=\"tel\" name=\"form_fields[telephone]\" id=\"form-field-telephone\" class=\"elementor-field elementor-size-sm  elementor-field-textual\" required=\"required\" pattern=\"[0-9()#&amp;+*-=.]+\" title=\"Solo se aceptan n\u00fameros y caracteres de tel\u00e9fono (#,-,*,etc).\">\n\n\t\t\t\t\t\t<\/div>\n\t\t\t\t\t\t\t\t<div class=\"elementor-field-type-text elementor-field-group elementor-column elementor-field-group-adresse elementor-col-100\">\n\t\t\t\t\t\t\t\t\t\t\t\t<label for=\"form-field-adresse\" class=\"elementor-field-label\">\n\t\t\t\t\t\t\t\tDirecci\u00f3n postal\t\t\t\t\t\t\t<\/label>\n\t\t\t\t\t\t\t\t\t\t\t\t\t\t<input size=\"1\" type=\"text\" name=\"form_fields[adresse]\" id=\"form-field-adresse\" class=\"elementor-field elementor-size-sm  elementor-field-textual\">\n\t\t\t\t\t\t\t\t\t\t\t<\/div>\n\t\t\t\t\t\t\t\t<div class=\"elementor-field-type-html elementor-field-group elementor-column elementor-field-group-field_9c51812 elementor-col-100\">\n\t\t\t\t\t<div style=\"border-top: 3px solid #70C4C2\"><\/div>\t\t\t\t<\/div>\n\t\t\t\t\t\t\t\t<div class=\"elementor-field-type-html elementor-field-group elementor-column elementor-field-group-field_1d7e078 elementor-col-100\">\n\t\t\t\t\tVOLUNTARIADO\t\t\t\t<\/div>\n\t\t\t\t\t\t\t\t<div class=\"elementor-field-type-textarea elementor-field-group elementor-column elementor-field-group-benevolat elementor-col-100\">\n\t\t\t\t\t\t\t\t\t\t\t\t<label for=\"form-field-benevolat\" class=\"elementor-field-label\">\n\t\t\t\t\t\t\t\t\u00bfHa realizado alguna vez trabajos de voluntariado? En caso afirmativo, \u00bfd\u00f3nde? \t\t\t\t\t\t\t<\/label>\n\t\t\t\t\t\t<textarea class=\"elementor-field-textual elementor-field  elementor-size-sm\" name=\"form_fields[benevolat]\" id=\"form-field-benevolat\" rows=\"4\"><\/textarea>\t\t\t\t<\/div>\n\t\t\t\t\t\t\t\t<div class=\"elementor-field-type-textarea elementor-field-group elementor-column elementor-field-group-responsabilite_taches elementor-col-100\">\n\t\t\t\t\t\t\t\t\t\t\t\t<label for=\"form-field-responsabilite_taches\" class=\"elementor-field-label\">\n\t\t\t\t\t\t\t\t\u00bfCu\u00e1les eran sus responsabilidades y tareas como voluntario? \t\t\t\t\t\t\t<\/label>\n\t\t\t\t\t\t<textarea class=\"elementor-field-textual elementor-field  elementor-size-sm\" name=\"form_fields[responsabilite_taches]\" id=\"form-field-responsabilite_taches\" rows=\"4\"><\/textarea>\t\t\t\t<\/div>\n\t\t\t\t\t\t\t\t<div class=\"elementor-field-type-checkbox elementor-field-group elementor-column elementor-field-group-type_activite elementor-col-100\">\n\t\t\t\t\t\t\t\t\t\t\t\t<label for=\"form-field-type_activite\" class=\"elementor-field-label\">\n\t\t\t\t\t\t\t\t\u00bfEn qu\u00e9 actividades le gustar\u00eda participar como voluntario? \t\t\t\t\t\t\t<\/label>\n\t\t\t\t\t\t<div class=\"elementor-field-subgroup  \"><span class=\"elementor-field-option\"><input type=\"checkbox\" value=\"Distribuci\u00f3n de alimentos\" id=\"form-field-type_activite-0\" name=\"form_fields[type_activite][]\"> <label for=\"form-field-type_activite-0\">Distribuci\u00f3n de alimentos<\/label><\/span><span class=\"elementor-field-option\"><input type=\"checkbox\" value=\"Ayuda con los deberes\" id=\"form-field-type_activite-1\" name=\"form_fields[type_activite][]\"> <label for=\"form-field-type_activite-1\">Ayuda con los deberes<\/label><\/span><span class=\"elementor-field-option\"><input type=\"checkbox\" value=\"Trabajo general de oficina\" id=\"form-field-type_activite-2\" name=\"form_fields[type_activite][]\"> <label for=\"form-field-type_activite-2\">Trabajo general de oficina<\/label><\/span><span class=\"elementor-field-option\"><input type=\"checkbox\" value=\"Cl\u00ednica fiscal\" id=\"form-field-type_activite-3\" name=\"form_fields[type_activite][]\"> <label for=\"form-field-type_activite-3\">Cl\u00ednica fiscal<\/label><\/span><span class=\"elementor-field-option\"><input type=\"checkbox\" value=\"Cursos de inform\u00e1tica\" id=\"form-field-type_activite-4\" name=\"form_fields[type_activite][]\"> <label for=\"form-field-type_activite-4\">Cursos de inform\u00e1tica<\/label><\/span><span class=\"elementor-field-option\"><input type=\"checkbox\" value=\"Talleres\" id=\"form-field-type_activite-5\" name=\"form_fields[type_activite][]\"> <label for=\"form-field-type_activite-5\">Talleres<\/label><\/span><\/div>\t\t\t\t<\/div>\n\t\t\t\t\t\t\t\t<div class=\"elementor-field-type-textarea elementor-field-group elementor-column elementor-field-group-autre_interet elementor-col-100\">\n\t\t\t\t\t<textarea class=\"elementor-field-textual elementor-field  elementor-size-sm\" name=\"form_fields[autre_interet]\" id=\"form-field-autre_interet\" rows=\"3\"><\/textarea>\t\t\t\t<\/div>\n\t\t\t\t\t\t\t\t<div class=\"elementor-field-type-radio elementor-field-group elementor-column elementor-field-group-frequence elementor-col-100\">\n\t\t\t\t\t\t\t\t\t\t\t\t<label for=\"form-field-frequence\" class=\"elementor-field-label\">\n\t\t\t\t\t\t\t\tEdades\t\t\t\t\t\t\t<\/label>\n\t\t\t\t\t\t<div class=\"elementor-field-subgroup  elementor-subgroup-inline\"><span class=\"elementor-field-option\"><input type=\"radio\" value=\"18 - 30\" id=\"form-field-frequence-0\" name=\"form_fields[frequence]\"> <label for=\"form-field-frequence-0\">18 - 30<\/label><\/span><span class=\"elementor-field-option\"><input type=\"radio\" value=\"31 - 44\" id=\"form-field-frequence-1\" name=\"form_fields[frequence]\"> <label for=\"form-field-frequence-1\">31 - 44<\/label><\/span><span class=\"elementor-field-option\"><input type=\"radio\" value=\"45 - 64\" id=\"form-field-frequence-2\" name=\"form_fields[frequence]\"> <label for=\"form-field-frequence-2\">45 - 64<\/label><\/span><span class=\"elementor-field-option\"><input type=\"radio\" value=\"65 a\u00f1os o m\u00e1s\" id=\"form-field-frequence-3\" name=\"form_fields[frequence]\"> <label for=\"form-field-frequence-3\">65 a\u00f1os o m\u00e1s<\/label><\/span><\/div>\t\t\t\t<\/div>\n\t\t\t\t\t\t\t\t<div class=\"elementor-field-type-html elementor-field-group elementor-column elementor-field-group-field_723d1b5 elementor-col-100\">\n\t\t\t\t\t<strong>\u00bfCu\u00e1l es su disponibilidad?<\/strong>\t\t\t\t<\/div>\n\t\t\t\t\t\t\t\t<div class=\"elementor-field-type-checkbox elementor-field-group elementor-column elementor-field-group-dispo_lundi elementor-col-20\">\n\t\t\t\t\t<div class=\"elementor-field-subgroup  \"><span class=\"elementor-field-option\"><input type=\"checkbox\" value=\"&lt;strong&gt;Lunes&lt;\/strong&gt;\" id=\"form-field-dispo_lundi-0\" name=\"form_fields[dispo_lundi][]\"> <label for=\"form-field-dispo_lundi-0\"><strong>Lunes<\/strong><\/label><\/span><span class=\"elementor-field-option\"><input type=\"checkbox\" value=\"AM\" id=\"form-field-dispo_lundi-1\" name=\"form_fields[dispo_lundi][]\"> <label for=\"form-field-dispo_lundi-1\">AM<\/label><\/span><span class=\"elementor-field-option\"><input type=\"checkbox\" value=\"PM\" id=\"form-field-dispo_lundi-2\" name=\"form_fields[dispo_lundi][]\"> <label for=\"form-field-dispo_lundi-2\">PM<\/label><\/span><span class=\"elementor-field-option\"><input type=\"checkbox\" value=\"Tarde\" id=\"form-field-dispo_lundi-3\" name=\"form_fields[dispo_lundi][]\"> <label for=\"form-field-dispo_lundi-3\">Tarde<\/label><\/span><\/div>\t\t\t\t<\/div>\n\t\t\t\t\t\t\t\t<div class=\"elementor-field-type-checkbox elementor-field-group elementor-column elementor-field-group-dispo_mardi elementor-col-20\">\n\t\t\t\t\t<div class=\"elementor-field-subgroup  \"><span class=\"elementor-field-option\"><input type=\"checkbox\" value=\"&lt;strong&gt;Martes\" id=\"form-field-dispo_mardi-0\" name=\"form_fields[dispo_mardi][]\"> <label for=\"form-field-dispo_mardi-0\"><strong>Martes<\/label><\/span><span class=\"elementor-field-option\"><input type=\"checkbox\" value=\"A&lt;\/strong&gt;M\" id=\"form-field-dispo_mardi-1\" name=\"form_fields[dispo_mardi][]\"> <label for=\"form-field-dispo_mardi-1\">A<\/strong>M<\/label><\/span><span class=\"elementor-field-option\"><input type=\"checkbox\" value=\"PM\" id=\"form-field-dispo_mardi-2\" name=\"form_fields[dispo_mardi][]\"> <label for=\"form-field-dispo_mardi-2\">PM<\/label><\/span><span class=\"elementor-field-option\"><input type=\"checkbox\" value=\"Tarde\" id=\"form-field-dispo_mardi-3\" name=\"form_fields[dispo_mardi][]\"> <label for=\"form-field-dispo_mardi-3\">Tarde<\/label><\/span><\/div>\t\t\t\t<\/div>\n\t\t\t\t\t\t\t\t<div class=\"elementor-field-type-checkbox elementor-field-group elementor-column elementor-field-group-dispo_mercredi elementor-col-20\">\n\t\t\t\t\t<div class=\"elementor-field-subgroup  \"><span class=\"elementor-field-option\"><input type=\"checkbox\" value=\"&lt;strong&gt;Mi\u00e9rcoles&lt;\/strong&gt;\" id=\"form-field-dispo_mercredi-0\" name=\"form_fields[dispo_mercredi][]\"> <label for=\"form-field-dispo_mercredi-0\"><strong>Mi\u00e9rcoles<\/strong><\/label><\/span><span class=\"elementor-field-option\"><input type=\"checkbox\" value=\"AM\" id=\"form-field-dispo_mercredi-1\" name=\"form_fields[dispo_mercredi][]\"> <label for=\"form-field-dispo_mercredi-1\">AM<\/label><\/span><span class=\"elementor-field-option\"><input type=\"checkbox\" value=\"PM\" id=\"form-field-dispo_mercredi-2\" name=\"form_fields[dispo_mercredi][]\"> <label for=\"form-field-dispo_mercredi-2\">PM<\/label><\/span><span class=\"elementor-field-option\"><input type=\"checkbox\" value=\"Tarde\" id=\"form-field-dispo_mercredi-3\" name=\"form_fields[dispo_mercredi][]\"> <label for=\"form-field-dispo_mercredi-3\">Tarde<\/label><\/span><\/div>\t\t\t\t<\/div>\n\t\t\t\t\t\t\t\t<div class=\"elementor-field-type-checkbox elementor-field-group elementor-column elementor-field-group-dispo_jeudi elementor-col-20\">\n\t\t\t\t\t<div class=\"elementor-field-subgroup  \"><span class=\"elementor-field-option\"><input type=\"checkbox\" value=\"&lt;strong&gt;Jueves&lt;\/strong&gt;\" id=\"form-field-dispo_jeudi-0\" name=\"form_fields[dispo_jeudi][]\"> <label for=\"form-field-dispo_jeudi-0\"><strong>Jueves<\/strong><\/label><\/span><span class=\"elementor-field-option\"><input type=\"checkbox\" value=\"AM\" id=\"form-field-dispo_jeudi-1\" name=\"form_fields[dispo_jeudi][]\"> <label for=\"form-field-dispo_jeudi-1\">AM<\/label><\/span><span class=\"elementor-field-option\"><input type=\"checkbox\" value=\"PM\" id=\"form-field-dispo_jeudi-2\" name=\"form_fields[dispo_jeudi][]\"> <label for=\"form-field-dispo_jeudi-2\">PM<\/label><\/span><span class=\"elementor-field-option\"><input type=\"checkbox\" value=\"Tarde\" id=\"form-field-dispo_jeudi-3\" name=\"form_fields[dispo_jeudi][]\"> <label for=\"form-field-dispo_jeudi-3\">Tarde<\/label><\/span><\/div>\t\t\t\t<\/div>\n\t\t\t\t\t\t\t\t<div class=\"elementor-field-type-checkbox elementor-field-group elementor-column elementor-field-group-dispo_vendredi elementor-col-20\">\n\t\t\t\t\t<div class=\"elementor-field-subgroup  \"><span class=\"elementor-field-option\"><input type=\"checkbox\" value=\"&lt;strong&gt;Viernes&lt;\/strong&gt;\" id=\"form-field-dispo_vendredi-0\" name=\"form_fields[dispo_vendredi][]\"> <label for=\"form-field-dispo_vendredi-0\"><strong>Viernes<\/strong><\/label><\/span><span class=\"elementor-field-option\"><input type=\"checkbox\" value=\"AM\" id=\"form-field-dispo_vendredi-1\" name=\"form_fields[dispo_vendredi][]\"> <label for=\"form-field-dispo_vendredi-1\">AM<\/label><\/span><span class=\"elementor-field-option\"><input type=\"checkbox\" value=\"PM\" id=\"form-field-dispo_vendredi-2\" name=\"form_fields[dispo_vendredi][]\"> <label for=\"form-field-dispo_vendredi-2\">PM<\/label><\/span><span class=\"elementor-field-option\"><input type=\"checkbox\" value=\"Tarde\" id=\"form-field-dispo_vendredi-3\" name=\"form_fields[dispo_vendredi][]\"> <label for=\"form-field-dispo_vendredi-3\">Tarde<\/label><\/span><\/div>\t\t\t\t<\/div>\n\t\t\t\t\t\t\t\t<div class=\"elementor-field-type-checkbox elementor-field-group elementor-column elementor-field-group-dispo_samedi elementor-col-20\">\n\t\t\t\t\t<div class=\"elementor-field-subgroup  \"><span class=\"elementor-field-option\"><input type=\"checkbox\" value=\"&lt;strong&gt;S\u00e1bado&lt;\/strong&gt;\" id=\"form-field-dispo_samedi-0\" name=\"form_fields[dispo_samedi][]\"> <label for=\"form-field-dispo_samedi-0\"><strong>S\u00e1bado<\/strong><\/label><\/span><span class=\"elementor-field-option\"><input type=\"checkbox\" value=\"AM\" id=\"form-field-dispo_samedi-1\" name=\"form_fields[dispo_samedi][]\"> <label for=\"form-field-dispo_samedi-1\">AM<\/label><\/span><span class=\"elementor-field-option\"><input type=\"checkbox\" value=\"PM\" id=\"form-field-dispo_samedi-2\" name=\"form_fields[dispo_samedi][]\"> <label for=\"form-field-dispo_samedi-2\">PM<\/label><\/span><span class=\"elementor-field-option\"><input type=\"checkbox\" value=\"Tarde\" id=\"form-field-dispo_samedi-3\" name=\"form_fields[dispo_samedi][]\"> <label for=\"form-field-dispo_samedi-3\">Tarde<\/label><\/span><\/div>\t\t\t\t<\/div>\n\t\t\t\t\t\t\t\t<div class=\"elementor-field-type-checkbox elementor-field-group elementor-column elementor-field-group-dispo_dimanche elementor-col-20\">\n\t\t\t\t\t<div class=\"elementor-field-subgroup  \"><span class=\"elementor-field-option\"><input type=\"checkbox\" value=\"&lt;strong&gt;Domingo&lt;\/strong&gt;\" id=\"form-field-dispo_dimanche-0\" name=\"form_fields[dispo_dimanche][]\"> <label for=\"form-field-dispo_dimanche-0\"><strong>Domingo<\/strong><\/label><\/span><span class=\"elementor-field-option\"><input type=\"checkbox\" value=\"AM\" id=\"form-field-dispo_dimanche-1\" name=\"form_fields[dispo_dimanche][]\"> <label for=\"form-field-dispo_dimanche-1\">AM<\/label><\/span><span class=\"elementor-field-option\"><input type=\"checkbox\" value=\"PM\" id=\"form-field-dispo_dimanche-2\" name=\"form_fields[dispo_dimanche][]\"> <label for=\"form-field-dispo_dimanche-2\">PM<\/label><\/span><span class=\"elementor-field-option\"><input type=\"checkbox\" value=\"Tarde\" id=\"form-field-dispo_dimanche-3\" name=\"form_fields[dispo_dimanche][]\"> <label for=\"form-field-dispo_dimanche-3\">Tarde<\/label><\/span><\/div>\t\t\t\t<\/div>\n\t\t\t\t\t\t\t\t<div class=\"elementor-field-type-text elementor-field-group elementor-column elementor-field-group-field_4534818 elementor-col-100 elementor-field-required elementor-mark-required\">\n\t\t\t\t\t\t\t\t\t\t\t\t<label for=\"form-field-field_4534818\" class=\"elementor-field-label\">\n\t\t\t\t\t\t\t\tIdiomas hablados:\t\t\t\t\t\t\t<\/label>\n\t\t\t\t\t\t\t\t\t\t\t\t\t\t<input size=\"1\" type=\"text\" name=\"form_fields[field_4534818]\" id=\"form-field-field_4534818\" class=\"elementor-field elementor-size-sm  elementor-field-textual\" required=\"required\">\n\t\t\t\t\t\t\t\t\t\t\t<\/div>\n\t\t\t\t\t\t\t\t<div class=\"elementor-field-type-textarea elementor-field-group elementor-column elementor-field-group-message elementor-col-100\">\n\t\t\t\t\t\t\t\t\t\t\t\t<label for=\"form-field-message\" class=\"elementor-field-label\">\n\t\t\t\t\t\t\t\tComentarios (opcional)\t\t\t\t\t\t\t<\/label>\n\t\t\t\t\t\t<textarea class=\"elementor-field-textual elementor-field  elementor-size-sm\" name=\"form_fields[message]\" id=\"form-field-message\" rows=\"4\" placeholder=\"Escr\u00edbanos c\u00f3mo le gustar\u00eda ayudar...\"><\/textarea>\t\t\t\t<\/div>\n\t\t\t\t\t\t\t\t<div class=\"elementor-field-type-acceptance elementor-field-group elementor-column elementor-field-group-field_f6fbfcc elementor-col-100 elementor-field-required elementor-mark-required\">\n\t\t\t\t\t\t\t\t\t\t\t\t<label for=\"form-field-field_f6fbfcc\" class=\"elementor-field-label\">\n\t\t\t\t\t\t\t\t<strong>Declaro y reconozco que : <\/strong>\t\t\t\t\t\t\t<\/label>\n\t\t\t\t\t\t\t\t<div class=\"elementor-field-subgroup\">\n\t\t\t<span class=\"elementor-field-option\">\n\t\t\t\t<input type=\"checkbox\" name=\"form_fields[field_f6fbfcc]\" id=\"form-field-field_f6fbfcc\" class=\"elementor-field elementor-size-sm  elementor-acceptance-field\" required=\"required\">\n\t\t\t\t<label for=\"form-field-field_f6fbfcc\"><small>Todas las tareas que acepto realizar en nombre del Mouvement Fraternit\u00e9 Multi-Ethnique se har\u00e1n de forma voluntaria como un servicio a la comunidad. Adem\u00e1s, me comprometo a respetar el c\u00f3digo de vida del Mouvement Fraternit\u00e9 Multi-Ethnique. <\/small><\/label>\t\t\t<\/span>\n\t\t<\/div>\n\t\t\t\t\t\t<\/div>\n\t\t\t\t\t\t\t\t<div class=\"elementor-field-type-text\">\n\t\t\t\t\t<input size=\"1\" type=\"text\" name=\"form_fields[field_8ebaa85]\" id=\"form-field-field_8ebaa85\" class=\"elementor-field elementor-size-sm \" style=\"display:none !important;\">\t\t\t\t<\/div>\n\t\t\t\t\t\t\t\t<div class=\"elementor-field-type-recaptcha_v3 elementor-field-group elementor-column elementor-field-group-field_666fed9 elementor-col-100 recaptcha_v3-inline\">\n\t\t\t\t\t<div class=\"elementor-field\" id=\"form-field-field_666fed9\"><div class=\"elementor-g-recaptcha\" data-sitekey=\"6LfLw6srAAAAAOlsAa0RjUc0ME9sqeQxQtGTW0PX\" data-type=\"v3\" data-action=\"Form\" data-badge=\"inline\" data-size=\"invisible\"><\/div><\/div>\t\t\t\t<\/div>\n\t\t\t\t\t\t\t\t<div class=\"elementor-field-group elementor-column elementor-field-type-submit elementor-col-100 e-form__buttons\">\n\t\t\t\t\t<button class=\"elementor-button elementor-size-md\" type=\"submit\">\n\t\t\t\t\t\t<span class=\"elementor-button-content-wrapper\">\n\t\t\t\t\t\t\t\t\t\t\t\t\t\t\t\t\t\t\t\t\t\t<span class=\"elementor-button-text\">\u00a1VAMOS! ME INVOLUCRO <\/span>\n\t\t\t\t\t\t\t\t\t\t\t\t\t<\/span>\n\t\t\t\t\t<\/button>\n\t\t\t\t<\/div>\n\t\t\t<\/div>\n\t\t<\/form>\n\t\t\t\t\t\t<\/div>\n\t\t\t\t<\/div>\n\t\t\t\t<\/div>\n\t\t\t\t<\/div>\n\t\t\t\t<\/div>\n\t\t\t\t<\/div>\n\t\t\t\t\t<\/div>\n\t\t\t\t<\/div>\n\t\t\t\t<\/div>\n\t\t","protected":false},"excerpt":{"rendered":"<p>Ap\u00f3yanos Participe y marque la diferencia \u00bfQuiere marcar la diferencia en su comunidad y contribuir a su bienestar? Rellene el siguiente formulario y nos pondremos en contacto con usted para hablar de c\u00f3mo podemos trabajar juntos. Necesitamos tu ayuda. Haga una donaci\u00f3n para apoyar al Movimiento Fraternidad Multi\u00e9tnica<\/p>\n","protected":false},"author":1,"featured_media":0,"parent":0,"menu_order":5,"comment_status":"closed","ping_status":"closed","template":"","meta":{"_mc_calendar":[],"footnotes":""},"class_list":["post-1265","page","type-page","status-publish","hentry"],"_links":{"self":[{"href":"https:\/\/mfme.ca\/es\/wp-json\/wp\/v2\/pages\/1265","targetHints":{"allow":["GET"]}}],"collection":[{"href":"https:\/\/mfme.ca\/es\/wp-json\/wp\/v2\/pages"}],"about":[{"href":"https:\/\/mfme.ca\/es\/wp-json\/wp\/v2\/types\/page"}],"author":[{"embeddable":true,"href":"https:\/\/mfme.ca\/es\/wp-json\/wp\/v2\/users\/1"}],"replies":[{"embeddable":true,"href":"https:\/\/mfme.ca\/es\/wp-json\/wp\/v2\/comments?post=1265"}],"version-history":[{"count":3,"href":"https:\/\/mfme.ca\/es\/wp-json\/wp\/v2\/pages\/1265\/revisions"}],"predecessor-version":[{"id":1282,"href":"https:\/\/mfme.ca\/es\/wp-json\/wp\/v2\/pages\/1265\/revisions\/1282"}],"wp:attachment":[{"href":"https:\/\/mfme.ca\/es\/wp-json\/wp\/v2\/media?parent=1265"}],"curies":[{"name":"wp","href":"https:\/\/api.w.org\/{rel}","templated":true}]}}