{"id":639,"date":"2025-01-14T18:02:51","date_gmt":"2025-01-14T23:02:51","guid":{"rendered":"https:\/\/mfme.ca\/politica-de-privacidad\/"},"modified":"2025-04-30T09:20:41","modified_gmt":"2025-04-30T13:20:41","slug":"politica-de-privacidad","status":"publish","type":"page","link":"https:\/\/mfme.ca\/es\/politica-de-privacidad\/","title":{"rendered":"Pol\u00edtica de privacidad"},"content":{"rendered":"\t\t<div data-elementor-type=\"wp-page\" data-elementor-id=\"639\" class=\"elementor elementor-639 elementor-3\" data-elementor-post-type=\"page\">\n\t\t\t\t<div class=\"elementor-element elementor-element-5d2fb96 e-con-full e-flex e-con e-parent\" data-id=\"5d2fb96\" data-element_type=\"container\" data-settings=\"{&quot;background_background&quot;:&quot;classic&quot;}\">\n\t\t\t\t<\/div>\n\t\t<div class=\"elementor-element elementor-element-358e1a84 e-flex e-con-boxed e-con e-parent\" data-id=\"358e1a84\" data-element_type=\"container\">\n\t\t\t\t\t<div class=\"e-con-inner\">\n\t\t\t\t<div class=\"elementor-element elementor-element-5d359ace elementor-widget elementor-widget-text-editor\" data-id=\"5d359ace\" data-element_type=\"widget\" data-widget_type=\"text-editor.default\">\n\t\t\t\t<div class=\"elementor-widget-container\">\n\t\t\t\t\t\t\t\t\t<h1>Pol\u00edtica de privacidad<\/h1>\n<p><b>Fecha de la \u00faltima actualizaci\u00f3n:<\/b> 30 de abril de 2025<\/p>\n<p>El Mouvement Fraternit\u00e9 Multi-Ethnique (MFME) se compromete a proteger la privacidad de su informaci\u00f3n personal. Esta Pol\u00edtica de Privacidad explica c\u00f3mo recopilamos, usamos, divulgamos y protegemos su informaci\u00f3n cuando visita nuestro sitio web <a href=\"https:\/\/mfme.ca\">[https:\/\/mfme.ca]<\/a> y utiliza nuestros servicios. <\/p>\n<h3><b>1. Informaci\u00f3n que recopilamos<\/b><\/h3>\n<p>Podemos recopilar los siguientes tipos de informaci\u00f3n:<\/p>\n<ul>\n<li><b>Informaci\u00f3n de identificaci\u00f3n personal (PII):<\/b> Nombre, direcci\u00f3n de correo electr\u00f3nico, n\u00famero de tel\u00e9fono, direcci\u00f3n postal, etc., que nos proporciona voluntariamente cuando se suscribe a nuestro bolet\u00edn, hace una donaci\u00f3n, rellena un formulario de contacto o participa en nuestras actividades.<\/li>\n<li><b>Informaci\u00f3n de navegaci\u00f3n:<\/b> La direcci\u00f3n IP, el tipo de navegador, el sistema operativo, las p\u00e1ginas visitadas en nuestro sitio, el tiempo de permanencia en las p\u00e1ginas, los enlaces en los que se hizo clic, etc. Por lo general, esta informaci\u00f3n se recopila mediante cookies y tecnolog\u00edas similares. <\/li>\n<li><b>Informaci\u00f3n sobre donaciones:<\/b> Si realiza una donaci\u00f3n, recopilamos la informaci\u00f3n necesaria para procesar su donaci\u00f3n, como la informaci\u00f3n de la tarjeta de cr\u00e9dito u otra informaci\u00f3n de pago. Esta informaci\u00f3n est\u00e1 encriptada y procesada por procesadores de pago seguros de terceros y no se almacena directamente en nuestro sitio web. <\/li>\n<li><b>Informaci\u00f3n demogr\u00e1fica:<\/b> Edad, sexo, etnia, etc., si decide proporcion\u00e1rnosla en relaci\u00f3n con encuestas o inscripciones a programas espec\u00edficos.<\/li>\n<\/ul>\n<h3><b>2. C\u00f3mo utilizamos su informaci\u00f3n<\/b><\/h3>\n<p>Podemos utilizar su informaci\u00f3n para los siguientes fines:<\/p>\n<ul>\n<li>Para proporcionar y mejorar nuestros servicios: para responder a sus solicitudes, para procesar sus donaciones, para informarle de nuestras actividades y eventos, para personalizar su experiencia en nuestro sitio web.<\/li>\n<li>Comunicarnos con usted: Enviarle boletines informativos, actualizaciones, informaci\u00f3n sobre nuestras campa\u00f1as de recaudaci\u00f3n de fondos y otras comunicaciones relacionadas con la misi\u00f3n. Puede darse de baja de estas comunicaciones en cualquier momento. <\/li>\n<li>Analizar el uso de nuestro sitio web: Comprender c\u00f3mo interact\u00faan los visitantes con nuestro sitio para mejorarlo y optimizar su contenido.<\/li>\n<li>Cumplir con nuestras obligaciones legales: Es posible que la ley nos exija retener y divulgar cierta informaci\u00f3n.<\/li>\n<li>Prevenir el fraude y garantizar la seguridad: Proteger nuestro sitio web y a los usuarios de actividades fraudulentas y accesos no autorizados.<\/li>\n<\/ul>\n<h3><b>3. Compartir su informaci\u00f3n<\/b><\/h3>\n<p>Podemos compartir su informaci\u00f3n personal en las siguientes circunstancias:<\/p>\n<ul>\n<li>Con proveedores de servicios externos: Podemos utilizar a terceros para que nos ayuden a operar nuestro sitio web, procesar pagos, enviar correos electr\u00f3nicos, analizar datos, etc. Estos terceros est\u00e1n obligados a proteger su informaci\u00f3n de acuerdo con esta Pol\u00edtica de privacidad y no se les permite usarla para ning\u00fan otro prop\u00f3sito. <\/li>\n<li>Para cumplir con la ley: Podemos divulgar su informaci\u00f3n si as\u00ed lo exige la ley o en respuesta a una orden judicial u otro proceso legal v\u00e1lido.<\/li>\n<li>Para proteger nuestros derechos y seguridad: Podemos divulgar su informaci\u00f3n cuando creamos que es necesario investigar, prevenir o tomar medidas con respecto a actividades ilegales, sospechas de fraude, amenazas a la seguridad de nuestro sitio web o de otros usuarios, o violaciones de nuestros T\u00e9rminos de uso.<\/li>\n<li>Con su consentimiento: En otros casos, le pediremos su consentimiento expl\u00edcito antes de compartir su informaci\u00f3n personal con terceros.<\/li>\n<\/ul>\n<h3><b>4. Retenci\u00f3n de su informaci\u00f3n<\/b><\/h3>\n<p>Conservamos su informaci\u00f3n personal durante el tiempo que sea necesario para cumplir con los fines para los que se recopil\u00f3, de acuerdo con esta Pol\u00edtica de privacidad y las leyes aplicables.<\/p>\n<h3><b>5. Seguridad de su informaci\u00f3n<\/b><\/h3>\n<p>Tomamos medidas de seguridad razonables para proteger su informaci\u00f3n personal contra p\u00e9rdidas, robos, accesos no autorizados, divulgaciones, alteraciones o destrucci\u00f3n. Estas medidas incluyen protocolos de seguridad t\u00e9cnica, administrativa y f\u00edsica. Sin embargo, ning\u00fan m\u00e9todo de transmisi\u00f3n a trav\u00e9s de Internet o m\u00e9todo de almacenamiento electr\u00f3nico es completamente seguro, y no podemos garantizar una seguridad absoluta.  <\/p>\n<h3><b>6. Sus derechos<\/b><\/h3>\n<p>Usted tiene los siguientes derechos en relaci\u00f3n con su informaci\u00f3n personal:<\/p>\n<ul>\n<li>Derecho de acceso: Tiene derecho a solicitar una copia de la informaci\u00f3n personal que tenemos sobre usted.<\/li>\n<li>Derecho de rectificaci\u00f3n: Tiene derecho a solicitar que corrijamos cualquier informaci\u00f3n inexacta o incompleta que tengamos sobre usted.<\/li>\n<li>Derecho de supresi\u00f3n: En determinadas circunstancias, tiene derecho a solicitar que eliminemos su informaci\u00f3n personal.<\/li>\n<li>Derecho a la restricci\u00f3n del procesamiento: Tiene derecho a solicitarnos que restrinjamos el procesamiento de su informaci\u00f3n personal en determinadas circunstancias.<\/li>\n<li>Derecho de oposici\u00f3n: Tiene derecho a oponerse al tratamiento de su informaci\u00f3n personal en determinadas circunstancias, incluso con fines de marketing directo.<\/li>\n<li>Derecho a la portabilidad de los datos: En determinadas circunstancias, tiene derecho a recibir la informaci\u00f3n personal que nos ha proporcionado en un formato estructurado, de uso com\u00fan y legible por m\u00e1quina, y a transmitirla a otro responsable del tratamiento.<\/li>\n<li>Derecho a retirar el consentimiento: Si procesamos su informaci\u00f3n personal sobre la base de su consentimiento, tiene derecho a retirar ese consentimiento en cualquier momento.<\/li>\n<\/ul>\n<div> <\/div>\n<p>Para ejercer estos derechos, p\u00f3ngase en contacto con nosotros utilizando los datos de contacto que figuran en la secci\u00f3n 9. Es posible que le pidamos que verifique su identidad antes de responder a su solicitud. <\/p>\n<h3><b>7. Cookies y tecnolog\u00edas similares<\/b><\/h3>\n<p>Nuestro sitio web utiliza cookies y otras tecnolog\u00edas similares (como balizas web y etiquetas de p\u00edxeles) para mejorar su experiencia de navegaci\u00f3n, analizar el tr\u00e1fico del sitio, personalizar el contenido y ofrecer publicidad dirigida (cuando corresponda).<\/p>\n<h4><b>Consentimiento de cookies:<\/b><\/h4>\n<p>Cuando visite nuestro sitio web por primera vez, se mostrar\u00e1 un banner de consentimiento de cookies que le informar\u00e1 sobre nuestro uso de cookies y le solicitar\u00e1 su consentimiento. Tendr\u00e1s la oportunidad de: <\/p>\n<ul>\n<li>Aceptar todas las cookies: Haciendo clic en el bot\u00f3n \u00abAceptar\u00bb o similar.<\/li>\n<li>Inhabilitaci\u00f3n para recibir cookies no esenciales: haciendo clic en el bot\u00f3n \u00abExclusi\u00f3n\u00bb o ajustando sus preferencias.<\/li>\n<li>Gestiona tus preferencias de cookies: Accediendo a un panel de configuraci\u00f3n de cookies donde podr\u00e1s elegir qu\u00e9 categor\u00edas de cookies quieres permitir.<\/li>\n<\/ul>\n<div> <\/div>\n<p>Puede cambiar sus preferencias de cookies en cualquier momento haciendo clic en un enlace \u00abPreferencias de cookies\u00bb o similar disponible en nuestro sitio web.<\/p>\n<h4><b>Tipos de cookies que utilizamos:<\/b><\/h4>\n<ul>\n<li><b>Cookies esenciales:<\/b> Estas cookies son necesarias para el funcionamiento b\u00e1sico de nuestro sitio web y le permiten navegar y utilizar sus funciones (por ejemplo, acceder a \u00e1reas seguras). No requieren su consentimiento. <\/li>\n<li><b>Cookies de rendimiento y anal\u00edticas:<\/b> Estas cookies recopilan informaci\u00f3n sobre c\u00f3mo utiliza nuestro sitio web (por ejemplo, qu\u00e9 p\u00e1ginas visita con m\u00e1s frecuencia, qu\u00e9 errores encuentra). Esta informaci\u00f3n nos ayuda a mejorar la forma en que funciona nuestro sitio. Le pediremos su consentimiento para estas cookies.  <\/li>\n<li><b>Cookies de funcionalidad:<\/b> Estas cookies permiten que nuestro sitio web recuerde sus elecciones (por ejemplo, su idioma preferido) y le ofrezca funciones mejoradas y personalizadas. Le pediremos su consentimiento para estas cookies. <\/li>\n<li><b>Cookies de segmentaci\u00f3n y publicidad:<\/b> Estas cookies se utilizan para proporcionarle anuncios m\u00e1s relevantes en funci\u00f3n de sus intereses. Tambi\u00e9n se pueden utilizar para limitar el n\u00famero de veces que se ve un anuncio y para medir la eficacia de las campa\u00f1as publicitarias. Le pediremos su consentimiento para estas cookies.  <\/li>\n<\/ul>\n<h4><b>Gesti\u00f3n de cookies en su navegador:<\/b><\/h4>\n<p>Tambi\u00e9n puede controlar y administrar las cookies en la configuraci\u00f3n de su navegador. La mayor\u00eda de los navegadores le permiten ver, eliminar y bloquear las cookies. Consulte la documentaci\u00f3n de ayuda de su navegador para obtener m\u00e1s informaci\u00f3n.  <\/p>\n<h3><b>8. Cambios a esta Pol\u00edtica de Privacidad<\/b><\/h3>\n<p>Es posible que actualicemos esta Pol\u00edtica de privacidad de vez en cuando para reflejar cambios en nuestras pr\u00e1cticas de recopilaci\u00f3n y uso de informaci\u00f3n, desarrollos tecnol\u00f3gicos o requisitos legales. La fecha de la \u00faltima actualizaci\u00f3n se indicar\u00e1 en la parte superior de esta p\u00e1gina. Le recomendamos que revise esta pol\u00edtica con regularidad para mantenerse informado sobre nuestras pr\u00e1cticas de privacidad. Los cambios sustanciales en esta pol\u00edtica se le comunicar\u00e1n de manera adecuada, de acuerdo con la ley aplicable.   <\/p>\n<h3><b>9. P\u00f3ngase en contacto con nosotros<\/b><\/h3>\n<p>Si tiene alguna pregunta, inquietud o solicitud sobre esta Pol\u00edtica de privacidad o nuestras pr\u00e1cticas de privacidad, comun\u00edquese con nosotros en:<\/p>\n<address>\n<\/address><ul>\n<li>Mouvement Fraternit\u00e9 Multi-Ethnique (MFME)<\/li>\n<li>5967 Jean Talon East, Suite 207 Montreal, Quebec H1S 1M5<\/li>\n<li>Correo electr\u00f3nico: <a href=\"mailto:secretariat@mfme.ca\">secretariat@mfme.ca<\/a><\/li>\n<li>Tel\u00e9fono: 514-256-6976<\/li>\n<\/ul>\n<address> <\/address>\n<p>Nos comprometemos a responder a sus preguntas y resolver cualquier inquietud que pueda tener con respecto a la privacidad de su informaci\u00f3n.<\/p>\t\t\t\t\t\t\t\t<\/div>\n\t\t\t\t<\/div>\n\t\t\t\t\t<\/div>\n\t\t\t\t<\/div>\n\t\t\t\t<\/div>\n\t\t","protected":false},"excerpt":{"rendered":"<p>Pol\u00edtica de privacidad Fecha de la \u00faltima actualizaci\u00f3n: 30 de abril de 2025 El Mouvement Fraternit\u00e9 Multi-Ethnique (MFME) se compromete a proteger la privacidad de su informaci\u00f3n personal. Esta Pol\u00edtica de Privacidad explica c\u00f3mo recopilamos, usamos, divulgamos y protegemos su informaci\u00f3n cuando visita nuestro sitio web [https:\/\/mfme.ca] y utiliza nuestros servicios. 1. Informaci\u00f3n que recopilamos [&hellip;]<\/p>\n","protected":false},"author":1,"featured_media":0,"parent":0,"menu_order":8,"comment_status":"closed","ping_status":"closed","template":"","meta":{"_mc_calendar":[],"footnotes":""},"class_list":["post-639","page","type-page","status-publish","hentry"],"_links":{"self":[{"href":"https:\/\/mfme.ca\/es\/wp-json\/wp\/v2\/pages\/639","targetHints":{"allow":["GET"]}}],"collection":[{"href":"https:\/\/mfme.ca\/es\/wp-json\/wp\/v2\/pages"}],"about":[{"href":"https:\/\/mfme.ca\/es\/wp-json\/wp\/v2\/types\/page"}],"author":[{"embeddable":true,"href":"https:\/\/mfme.ca\/es\/wp-json\/wp\/v2\/users\/1"}],"replies":[{"embeddable":true,"href":"https:\/\/mfme.ca\/es\/wp-json\/wp\/v2\/comments?post=639"}],"version-history":[{"count":1,"href":"https:\/\/mfme.ca\/es\/wp-json\/wp\/v2\/pages\/639\/revisions"}],"predecessor-version":[{"id":640,"href":"https:\/\/mfme.ca\/es\/wp-json\/wp\/v2\/pages\/639\/revisions\/640"}],"wp:attachment":[{"href":"https:\/\/mfme.ca\/es\/wp-json\/wp\/v2\/media?parent=639"}],"curies":[{"name":"wp","href":"https:\/\/api.w.org\/{rel}","templated":true}]}}